{"id":2034,"date":"2023-04-01T14:51:00","date_gmt":"2023-04-01T12:51:00","guid":{"rendered":"https:\/\/mooevo.com\/?page_id=2034"},"modified":"2023-04-01T14:51:00","modified_gmt":"2023-04-01T12:51:00","slug":"archivo-busquedas-mes-abril-2023-mooevo","status":"publish","type":"page","link":"https:\/\/empresas.mooevo.es\/empresas\/archivo-busquedas-mes-abril-2023-mooevo\/","title":{"rendered":"Archivo b\u00fasquedas mes Abril 2023 MOOEVO"},"content":{"rendered":"\n<p>En el Archivo b\u00fasquedas mes Abril 2023 MOOEVO, que actualizamos regularmente, puedes encontrar los temas y conceptos que m\u00e1s buscan nuestros lectores, visitantes y clientes. S\u00edguenos para estar al d\u00eda de todo lo que concierne a la movilidad el\u00e9ctrica adaptada y la micromovilidad sostenible.<\/p>\n\n\n<div class=\"wp-block-image is-style-default\">\n<figure class=\"aligncenter size-large\"><a href=\"http:\/\/empresas.mooevo.es\/empresas\/wp-content\/uploads\/2020\/04\/movilidad-electrica-personal-sanitario.jpg\"><img decoding=\"async\" src=\"http:\/\/empresas.mooevo.es\/empresas\/wp-content\/uploads\/2020\/04\/movilidad-electrica-personal-sanitario.jpg\" alt=\"Archivo b\u00fasquedas mes Abril 2023 MOOEVO\"\/><\/a><figcaption class=\"wp-element-caption\">Archivo b\u00fasquedas mes Abril 2023 MOOEVO<\/figcaption><\/figure>\n<\/div>\n\n\n<ul>\n <li>ACBK Hoverboard Patinete El\u00e9ctrico Autoequilibrio &#8211; carro compra electrico &#8211; carrito motorizado &#8211; correos espa\u00f1a &#8211; plataformas con ruedas &#8211; carro para hoverboard &#8211; ciclismo a fondo &#8211; bateria extra &#8211; carros el\u00e9ctricos electric street sweeper<\/li>\n <li>Carrito bebes knorr-baby &#8211; hoverboard wheelchair attachment &#8211; adaptador electrico silla ruedas &#8211; coche electrico urbano &#8211; electric cart &#8211; silla de ruedas electrica &#8211; carrito thule &#8211; jaulas de almacenamiento &#8211; carros mixtos<\/li>\n <li>Carrito bebes LuxKids &#8211; carro compra con motor &#8211; electrico carros &#8211; adaptador silla para carro bebe &#8211; carro electrico para personas mayores &#8211; reparto publicidad &#8211; carro para venta ambulante con ruedas<\/li>\n <li>Silla de bebe Baby Jogger &#8211; carros de correos &#8211; motors for manual wheelchairs &#8211; silla i go &#8211; motorised wheelchair attachment &#8211; sillas mecanicas &#8211; movilidad urbana electrica &#8211; trikes &#8211; ruedas universales carrito beb\u00e9<\/li>\n <li>Hoverboard para silla de ruedas bluetooth 2 motores 2x350W &#8211; carro compra motorizado &#8211; hoverboard con silla precio &#8211; triciclo electrico para adultos &#8211; silla de ruedas autom\u00e1tica &#8211; global mobility &#8211; manual wheelchair power add-on &#8211; carritos bebe &#8211; riders reparto<\/li>\n <li>Mooevo Silla de ruedas Breezy Style Sunrise Medical &#8211; carros repartidores &#8211; carritos motorizados &#8211; bikes go &#8211; sistema de movilidad &#8211; triciclos de reparto &#8211; silla hoverboard amazon &#8211; triciclos electrico &#8211; cargo bicycle<\/li>\n <li>Carrito bebes Xiaoping &#8211; carrito para patinete electrico &#8211; financiacion cetelem &#8211; carro thule &#8211; startup ejemplos &#8211; triciclos el\u00e9ctricos venta en espa\u00f1a &#8211; reparto a empresa &#8211; que es un hoverboard &#8211; wheelchair stroller attachment<\/li>\n <li>Carrito bebes Lorelli &#8211; triciclo el\u00e9ctrico homologado &#8211; tricicletas electricas &#8211; hoverboard tenerife &#8211; plataforma jaula &#8211; bicicletas electricas de carga &#8211; silla de ruedas para ni\u00f1os con paralisis cerebral &#8211; sillas de ruedas electrica &#8211; bicicleta con carro<\/li>\n <li>Motor ayuda carrito bebe Jan\u00e9 Rider Muum &#8211; cargo triciclo &#8211; carrito para mudanzas &#8211; cartero correos &#8211; triciclo urbano &#8211; jaulas met\u00e1llicas &#8211; ibercaja coches &#8211; bicicletas para discapacitados segunda mano &#8211; logo cetelem<\/li>\n<\/li>\n<li>Silla de ruedas Drive Medical TC005 Travelite &#8211; plataforma carrito beb\u00e9 &#8211; financiar cetelem &#8211; instrucciones hoverboard &#8211; pabellon 9 ifema &#8211; repartidor de bicicletas &#8211; bicicleta el\u00e9ctrica de carga &#8211; carros de compra &#8211; silla electrica para adultos<\/li>\n<li>Silla de ruedas paralisis cerebral Bug Ormesa &#8211; bicicleta reparto &#8211; triciclo reparto &#8211; jaula logistica &#8211; convertir patinete en electrico &#8211; carro de la compra con motor &#8211; correos de espa\u00f1a &#8211; renting patinete electrico &#8211; m3veo<\/li>\n<li>Silla de ruedas Breezy Premium Sunrise Medical &#8211; movilidad para empresas &#8211; bicicleta de reparto segunda mano &#8211; mensajer\u00eda y reparto &#8211; mobility world congress &#8211; carritos electricos &#8211; carro polipasto electrico &#8211; motor silla de ruedas electrica &#8211; sillas de ruedas el\u00e9ctricas para adultos<\/li>\n<li>Silla de ruedas Ligera Gades VARIO &#8211; carro barrendero electrico &#8211; carro barrendero 2 cubos &#8211; coches electricos para invalidos &#8211; carro transportador correos &#8211; vendo motor para silla de ruedas &#8211; plataforma container &#8211; hoverboard tiendas en madrid &#8211; transportes innovadores<\/li>\n<li>Silla de ruedas Alcazaba Mobiclinic &#8211; adaptador carro bebe &#8211; wheelchair shopping cart attachment &#8211; clean carro &#8211; basurero en catalan &#8211; cochecito de bebe electrico &#8211; bicicleta de carga el\u00e9ctrica &#8211; carros para limpieza de calles &#8211; park4dis<\/li>\n<li>Silla de ruedas Ligera de Aluminio Translite &#8211; carrito compra electrico &#8211; carrito bebe electrico &#8211; cargobikes &#8211; roll conteneur &#8211; triciclo el\u00e9ctrico de carga espa\u00f1a &#8211; silla de rueda con motor &#8211; attachment for wheelchair &#8211; hoverboard economico<\/li>\n<li>Silla de ruedas paralisis cerebral Sherpa &#8211; triciclo de carga &#8211; cargo ebike &#8211; comprar online triciclos el\u00e9ctricos &#8211; compra de carro &#8211; tienda online de sillas de ruedas &#8211; clean reparto &#8211; vehiculos de ultima milla &#8211; enviar patinete el\u00e9ctrico correos<\/li>\n<li>Motor electrico silla de bebe Baby Ace &#8211; carretillas de reparto &#8211; financiaci\u00f3n cetelem &#8211; triciclos el\u00e9ctricos &#8211; madrid en silla de ruedas &#8211; triciclo cargo &#8211; coche de correos &#8211; carro urban &#8211; remolque silla de ruedas<\/li>\n<li>Motor ayuda silla de bebe knorr-baby &#8211; cargo bike &#8211; carro chariot &#8211; hoverboard de una rueda &#8211; soluciones de movilidad &#8211; startup espa\u00f1ola &#8211; motor para hoverboard &#8211; carretilla reparto &#8211; reparto de correos<\/li>\n<li>Motor carrito bebes Asalvo &#8211; triciclos electricos de carga &#8211; patinetes motorizados &#8211; centro log\u00edstico vehiculos el\u00e9ctricos &#8211; carros motorizados &#8211; motor auxiliar para silla de ruedas manuales segunda mano &#8211; silla de ruedas icon &#8211; carro de hoverboard &#8211; comprar con cetelem<\/li>\n<li>Carrito bebes KIKKA BOO &#8211; carro de compra con motor &#8211; reparto en bicicleta &#8211; reparto paqueteria &#8211; silla de ruedas hospitalaria &#8211; triciclos electricos &#8211; hoverboard kits &#8211; comprar silla de ruedas madrid &#8211; motor para silla de ruedas el\u00e9ctrica<\/li>\n<li>Motor ayuda carrito bebe Duo Be Cool Quantum &#8211; adaptador de bicicleta para silla de ruedas &#8211; repartidores electricos &#8211; kit hoverboard &#8211; bici de carga electrica &#8211; carro reparto &#8211; javier reguero &#8211; motor para sillas de ruedas &#8211; silla de ruedas paseo<\/li>\n<li>Carrito bebe Asalvo Genius &#8211; silla de ruedas &#8211; carro de clean &#8211; urban delivery &#8211; correos pamplona &#8211; motor para silla de ruedas &#8211; carro mudanzas &#8211; wheelchair motorised attachment &#8211; rolls containers<\/li>\n<li>Windgoo Hoverboard 6.5&#8243; Balance Board Patinete El\u00e9ctrico Scooter Talla LED 350W*2 compatible AidWheels by Mooevo movilidad electrica adaptada sillas de ruedas. Ver mejor precio en tiendas online de Ayudas Tecnicas a la movilidad electrica y ortopedia: Notizalia Online Shops. Nuestros lectores tambi\u00e9n buscan: cetelem credito automovel v\u00eddeos de patinetes mogy electric motors for manual wheelchairs vehiculos electricos para reparto electric cart<\/li>\n<li>Silla de ruedas Invacare Action 2 NG &#8211; ruedas hoverboard &#8211; carrito electricos &#8211; loginews &#8211; manillar el\u00e9ctrico para silla de ruedas &#8211; adaptador silla bebe &#8211; carrito de bebe con motor &#8211; financia tu patinete electrico &#8211; feria mogy<\/li>\n<li>Silla de ruedas ligera Pir\u00e1mide Mobiclinic &#8211; carros de compra electricos &#8211; silla de ruedas de paseo &#8211; logistica vehiculos el\u00e9ctricos &#8211; tipos de silla de ruedas &#8211; fira logistica sant boi &#8211; tomorrow mobility world congress &#8211; que es un carro electrico &#8211; carro de mudanzas<\/li>\n<li>Silla de ruedas plegable Breezy 250 rueda grande &#8211; bicicleta para reparto &#8211; sillas de ruedas con motor el\u00e9ctrico &#8211; motorized attachment for wheelchair &#8211; silla de ruedas dibujo &#8211; walker reparto &#8211; bici cargo &#8211; sillas de ruedas mecanicas &#8211; carrito basurero<\/li>\n<li>Silla de ruedas Drive Medical Enigma &#8211; silla hoverboard &#8211; carro de la.compra &#8211; patinete electrico silla &#8211; prestamo cetelem &#8211; bici carro electrico &#8211; e-cargo bikes &#8211; wheelchair electric scooter attachment &#8211; geever barcelona<\/li>\n<li>Silla de ruedas paralisis cerebral Nido Sunrise Medical &#8211; adaptador para silla de ruedas &#8211; cargo trike bike &#8211; repartidor electrico &#8211; carretilla para mudanzas &#8211; wheelchair attachment motor &#8211; poner ruedas a una silla &#8211; hoverboard adapter &#8211; healthcare personas<\/li>\n<li>Silla de ruedas Breezy Premium rueda peque\u00f1a Sunrise Medical &#8211; movilidad electrica urbana &#8211; carrito electronico &#8211; reparto correos &#8211; como manejar una silla de ruedas &#8211; plataforma carrito bebe &#8211; carros metalicos para supermercados &#8211; carros de la compra &#8211; last mile delivery &#8211; assistive devices for cerebral palsy<\/li>\n<\/ul>\n","protected":false},"excerpt":{"rendered":"<p>En el Archivo b\u00fasquedas mes Abril 2023 MOOEVO, que actualizamos regularmente, puedes encontrar los temas y conceptos que m\u00e1s buscan nuestros lectores, visitantes y clientes. S\u00edguenos para estar al d\u00eda de todo lo que concierne a la movilidad el\u00e9ctrica adaptada y la micromovilidad sostenible. ACBK Hoverboard Patinete El\u00e9ctrico Autoequilibrio &#8211; carro compra electrico &#8211; carrito<a class=\"more-link\" href=\"https:\/\/empresas.mooevo.es\/empresas\/archivo-busquedas-mes-abril-2023-mooevo\/\">Ver m\u00e1s  &#10230;<\/a><\/p>\n","protected":false},"author":1,"featured_media":0,"parent":0,"menu_order":0,"comment_status":"closed","ping_status":"closed","template":"","meta":{"footnotes":""},"class_list":["post-2034","page","type-page","status-publish","hentry"],"yoast_head":"<!-- This site is optimized with the Yoast SEO plugin v27.3 - https:\/\/yoast.com\/product\/yoast-seo-wordpress\/ -->\n<title>Archivo b\u00fasquedas mes Abril 2023 MOOEVO<\/title>\n<meta name=\"robots\" content=\"noindex, follow, max-snippet:-1, max-image-preview:large, max-video-preview:-1\" \/>\n<meta property=\"og:locale\" content=\"es_ES\" \/>\n<meta property=\"og:type\" content=\"article\" \/>\n<meta property=\"og:title\" content=\"Archivo b\u00fasquedas mes Abril 2023 MOOEVO\" \/>\n<meta property=\"og:description\" content=\"En el Archivo b\u00fasquedas mes Abril 2023 MOOEVO, que actualizamos regularmente, puedes encontrar los temas y conceptos que m\u00e1s buscan nuestros lectores, visitantes y clientes. S\u00edguenos para estar al d\u00eda de todo lo que concierne a la movilidad el\u00e9ctrica adaptada y la micromovilidad sostenible. ACBK Hoverboard Patinete El\u00e9ctrico Autoequilibrio &#8211; carro compra electrico &#8211; carritoVer m\u00e1s &#10230;\" \/>\n<meta property=\"og:url\" content=\"https:\/\/empresas.mooevo.es\/empresas\/archivo-busquedas-mes-abril-2023-mooevo\/\" \/>\n<meta property=\"og:site_name\" content=\"MOOEVO EMPRESAS\" \/>\n<meta property=\"og:image\" content=\"http:\/\/empresas.mooevo.es\/empresas\/wp-content\/uploads\/2020\/04\/movilidad-electrica-personal-sanitario.jpg\" \/>\n<meta name=\"twitter:card\" content=\"summary_large_image\" \/>\n<meta name=\"twitter:label1\" content=\"Tiempo de lectura\" \/>\n\t<meta name=\"twitter:data1\" content=\"5 minutos\" \/>\n<script type=\"application\/ld+json\" class=\"yoast-schema-graph\">{\"@context\":\"https:\\\/\\\/schema.org\",\"@graph\":[{\"@type\":\"WebPage\",\"@id\":\"https:\\\/\\\/empresas.mooevo.es\\\/empresas\\\/archivo-busquedas-mes-abril-2023-mooevo\\\/\",\"url\":\"https:\\\/\\\/empresas.mooevo.es\\\/empresas\\\/archivo-busquedas-mes-abril-2023-mooevo\\\/\",\"name\":\"Archivo b\u00fasquedas mes Abril 2023 MOOEVO\",\"isPartOf\":{\"@id\":\"https:\\\/\\\/empresas.mooevo.es\\\/empresas\\\/#website\"},\"primaryImageOfPage\":{\"@id\":\"https:\\\/\\\/empresas.mooevo.es\\\/empresas\\\/archivo-busquedas-mes-abril-2023-mooevo\\\/#primaryimage\"},\"image\":{\"@id\":\"https:\\\/\\\/empresas.mooevo.es\\\/empresas\\\/archivo-busquedas-mes-abril-2023-mooevo\\\/#primaryimage\"},\"thumbnailUrl\":\"http:\\\/\\\/empresas.mooevo.es\\\/empresas\\\/wp-content\\\/uploads\\\/2020\\\/04\\\/movilidad-electrica-personal-sanitario.jpg\",\"datePublished\":\"2023-04-01T12:51:00+00:00\",\"breadcrumb\":{\"@id\":\"https:\\\/\\\/empresas.mooevo.es\\\/empresas\\\/archivo-busquedas-mes-abril-2023-mooevo\\\/#breadcrumb\"},\"inLanguage\":\"es\",\"potentialAction\":[{\"@type\":\"ReadAction\",\"target\":[\"https:\\\/\\\/empresas.mooevo.es\\\/empresas\\\/archivo-busquedas-mes-abril-2023-mooevo\\\/\"]}]},{\"@type\":\"ImageObject\",\"inLanguage\":\"es\",\"@id\":\"https:\\\/\\\/empresas.mooevo.es\\\/empresas\\\/archivo-busquedas-mes-abril-2023-mooevo\\\/#primaryimage\",\"url\":\"http:\\\/\\\/empresas.mooevo.es\\\/empresas\\\/wp-content\\\/uploads\\\/2020\\\/04\\\/movilidad-electrica-personal-sanitario.jpg\",\"contentUrl\":\"http:\\\/\\\/empresas.mooevo.es\\\/empresas\\\/wp-content\\\/uploads\\\/2020\\\/04\\\/movilidad-electrica-personal-sanitario.jpg\"},{\"@type\":\"BreadcrumbList\",\"@id\":\"https:\\\/\\\/empresas.mooevo.es\\\/empresas\\\/archivo-busquedas-mes-abril-2023-mooevo\\\/#breadcrumb\",\"itemListElement\":[{\"@type\":\"ListItem\",\"position\":1,\"name\":\"Portada\",\"item\":\"https:\\\/\\\/empresas.mooevo.es\\\/empresas\\\/\"},{\"@type\":\"ListItem\",\"position\":2,\"name\":\"Archivo b\u00fasquedas mes Abril 2023 MOOEVO\"}]},{\"@type\":\"WebSite\",\"@id\":\"https:\\\/\\\/empresas.mooevo.es\\\/empresas\\\/#website\",\"url\":\"https:\\\/\\\/empresas.mooevo.es\\\/empresas\\\/\",\"name\":\"MOOEVO EMPRESAS\",\"description\":\"Inspiring e-motions\",\"publisher\":{\"@id\":\"https:\\\/\\\/empresas.mooevo.es\\\/empresas\\\/#organization\"},\"potentialAction\":[{\"@type\":\"SearchAction\",\"target\":{\"@type\":\"EntryPoint\",\"urlTemplate\":\"https:\\\/\\\/empresas.mooevo.es\\\/empresas\\\/?s={search_term_string}\"},\"query-input\":{\"@type\":\"PropertyValueSpecification\",\"valueRequired\":true,\"valueName\":\"search_term_string\"}}],\"inLanguage\":\"es\"},{\"@type\":\"Organization\",\"@id\":\"https:\\\/\\\/empresas.mooevo.es\\\/empresas\\\/#organization\",\"name\":\"MOOEVO EMPRESAS\",\"url\":\"https:\\\/\\\/empresas.mooevo.es\\\/empresas\\\/\",\"logo\":{\"@type\":\"ImageObject\",\"inLanguage\":\"es\",\"@id\":\"https:\\\/\\\/empresas.mooevo.es\\\/empresas\\\/#\\\/schema\\\/logo\\\/image\\\/\",\"url\":\"https:\\\/\\\/empresas.mooevo.es\\\/empresas\\\/wp-content\\\/uploads\\\/2025\\\/02\\\/cropped-LOGO-GRANDE-PNG.png\",\"contentUrl\":\"https:\\\/\\\/empresas.mooevo.es\\\/empresas\\\/wp-content\\\/uploads\\\/2025\\\/02\\\/cropped-LOGO-GRANDE-PNG.png\",\"width\":851,\"height\":158,\"caption\":\"MOOEVO EMPRESAS\"},\"image\":{\"@id\":\"https:\\\/\\\/empresas.mooevo.es\\\/empresas\\\/#\\\/schema\\\/logo\\\/image\\\/\"}}]}<\/script>\n<!-- \/ Yoast SEO plugin. -->","yoast_head_json":{"title":"Archivo b\u00fasquedas mes Abril 2023 MOOEVO","robots":{"index":"noindex","follow":"follow","max-snippet":"max-snippet:-1","max-image-preview":"max-image-preview:large","max-video-preview":"max-video-preview:-1"},"og_locale":"es_ES","og_type":"article","og_title":"Archivo b\u00fasquedas mes Abril 2023 MOOEVO","og_description":"En el Archivo b\u00fasquedas mes Abril 2023 MOOEVO, que actualizamos regularmente, puedes encontrar los temas y conceptos que m\u00e1s buscan nuestros lectores, visitantes y clientes. S\u00edguenos para estar al d\u00eda de todo lo que concierne a la movilidad el\u00e9ctrica adaptada y la micromovilidad sostenible. ACBK Hoverboard Patinete El\u00e9ctrico Autoequilibrio &#8211; carro compra electrico &#8211; carritoVer m\u00e1s &#10230;","og_url":"https:\/\/empresas.mooevo.es\/empresas\/archivo-busquedas-mes-abril-2023-mooevo\/","og_site_name":"MOOEVO EMPRESAS","og_image":[{"url":"http:\/\/empresas.mooevo.es\/empresas\/wp-content\/uploads\/2020\/04\/movilidad-electrica-personal-sanitario.jpg","type":"","width":"","height":""}],"twitter_card":"summary_large_image","twitter_misc":{"Tiempo de lectura":"5 minutos"},"schema":{"@context":"https:\/\/schema.org","@graph":[{"@type":"WebPage","@id":"https:\/\/empresas.mooevo.es\/empresas\/archivo-busquedas-mes-abril-2023-mooevo\/","url":"https:\/\/empresas.mooevo.es\/empresas\/archivo-busquedas-mes-abril-2023-mooevo\/","name":"Archivo b\u00fasquedas mes Abril 2023 MOOEVO","isPartOf":{"@id":"https:\/\/empresas.mooevo.es\/empresas\/#website"},"primaryImageOfPage":{"@id":"https:\/\/empresas.mooevo.es\/empresas\/archivo-busquedas-mes-abril-2023-mooevo\/#primaryimage"},"image":{"@id":"https:\/\/empresas.mooevo.es\/empresas\/archivo-busquedas-mes-abril-2023-mooevo\/#primaryimage"},"thumbnailUrl":"http:\/\/empresas.mooevo.es\/empresas\/wp-content\/uploads\/2020\/04\/movilidad-electrica-personal-sanitario.jpg","datePublished":"2023-04-01T12:51:00+00:00","breadcrumb":{"@id":"https:\/\/empresas.mooevo.es\/empresas\/archivo-busquedas-mes-abril-2023-mooevo\/#breadcrumb"},"inLanguage":"es","potentialAction":[{"@type":"ReadAction","target":["https:\/\/empresas.mooevo.es\/empresas\/archivo-busquedas-mes-abril-2023-mooevo\/"]}]},{"@type":"ImageObject","inLanguage":"es","@id":"https:\/\/empresas.mooevo.es\/empresas\/archivo-busquedas-mes-abril-2023-mooevo\/#primaryimage","url":"http:\/\/empresas.mooevo.es\/empresas\/wp-content\/uploads\/2020\/04\/movilidad-electrica-personal-sanitario.jpg","contentUrl":"http:\/\/empresas.mooevo.es\/empresas\/wp-content\/uploads\/2020\/04\/movilidad-electrica-personal-sanitario.jpg"},{"@type":"BreadcrumbList","@id":"https:\/\/empresas.mooevo.es\/empresas\/archivo-busquedas-mes-abril-2023-mooevo\/#breadcrumb","itemListElement":[{"@type":"ListItem","position":1,"name":"Portada","item":"https:\/\/empresas.mooevo.es\/empresas\/"},{"@type":"ListItem","position":2,"name":"Archivo b\u00fasquedas mes Abril 2023 MOOEVO"}]},{"@type":"WebSite","@id":"https:\/\/empresas.mooevo.es\/empresas\/#website","url":"https:\/\/empresas.mooevo.es\/empresas\/","name":"MOOEVO EMPRESAS","description":"Inspiring e-motions","publisher":{"@id":"https:\/\/empresas.mooevo.es\/empresas\/#organization"},"potentialAction":[{"@type":"SearchAction","target":{"@type":"EntryPoint","urlTemplate":"https:\/\/empresas.mooevo.es\/empresas\/?s={search_term_string}"},"query-input":{"@type":"PropertyValueSpecification","valueRequired":true,"valueName":"search_term_string"}}],"inLanguage":"es"},{"@type":"Organization","@id":"https:\/\/empresas.mooevo.es\/empresas\/#organization","name":"MOOEVO EMPRESAS","url":"https:\/\/empresas.mooevo.es\/empresas\/","logo":{"@type":"ImageObject","inLanguage":"es","@id":"https:\/\/empresas.mooevo.es\/empresas\/#\/schema\/logo\/image\/","url":"https:\/\/empresas.mooevo.es\/empresas\/wp-content\/uploads\/2025\/02\/cropped-LOGO-GRANDE-PNG.png","contentUrl":"https:\/\/empresas.mooevo.es\/empresas\/wp-content\/uploads\/2025\/02\/cropped-LOGO-GRANDE-PNG.png","width":851,"height":158,"caption":"MOOEVO EMPRESAS"},"image":{"@id":"https:\/\/empresas.mooevo.es\/empresas\/#\/schema\/logo\/image\/"}}]}},"_links":{"self":[{"href":"https:\/\/empresas.mooevo.es\/empresas\/wp-json\/wp\/v2\/pages\/2034","targetHints":{"allow":["GET"]}}],"collection":[{"href":"https:\/\/empresas.mooevo.es\/empresas\/wp-json\/wp\/v2\/pages"}],"about":[{"href":"https:\/\/empresas.mooevo.es\/empresas\/wp-json\/wp\/v2\/types\/page"}],"author":[{"embeddable":true,"href":"https:\/\/empresas.mooevo.es\/empresas\/wp-json\/wp\/v2\/users\/1"}],"replies":[{"embeddable":true,"href":"https:\/\/empresas.mooevo.es\/empresas\/wp-json\/wp\/v2\/comments?post=2034"}],"version-history":[{"count":0,"href":"https:\/\/empresas.mooevo.es\/empresas\/wp-json\/wp\/v2\/pages\/2034\/revisions"}],"wp:attachment":[{"href":"https:\/\/empresas.mooevo.es\/empresas\/wp-json\/wp\/v2\/media?parent=2034"}],"curies":[{"name":"wp","href":"https:\/\/api.w.org\/{rel}","templated":true}]}}