{"id":2351,"date":"2024-03-21T17:03:35","date_gmt":"2024-03-21T16:03:35","guid":{"rendered":"https:\/\/mooevo.com\/?page_id=2351"},"modified":"2024-03-21T17:03:35","modified_gmt":"2024-03-21T16:03:35","slug":"movilidad-electrica-desarrollo-sostenible-ciudades-verdes","status":"publish","type":"page","link":"https:\/\/empresas.mooevo.es\/empresas\/movilidad-electrica-desarrollo-sostenible-ciudades-verdes\/","title":{"rendered":"Movilidad el\u00e9ctrica, desarrollo sostenible y ciudades verdes"},"content":{"rendered":"\n<p>Descubre lo m\u00e1s buscado en movilidad el\u00e9ctrica, desarrollo sostenible y ciudades verdes. S\u00edguenos en el blog de desarrollo sustentable e innovaci\u00f3n de MOOEVO, para estar a la \u00faltima y no perderte nada.<\/p>\n\n\n<div class=\"wp-block-image is-style-default\">\n<figure class=\"aligncenter size-large is-resized\"><img loading=\"lazy\" decoding=\"async\" width=\"1265\" height=\"1374\" src=\"http:\/\/empresas.mooevo.es\/empresas\/wp-content\/uploads\/2024\/03\/image.jpeg\" alt=\"movilidad electrica comunidades\" class=\"wp-image-2352\" style=\"width:610px;height:auto\" srcset=\"https:\/\/empresas.mooevo.es\/empresas\/wp-content\/uploads\/2024\/03\/image.jpeg 1265w, https:\/\/empresas.mooevo.es\/empresas\/wp-content\/uploads\/2024\/03\/image-600x652.jpeg 600w, https:\/\/empresas.mooevo.es\/empresas\/wp-content\/uploads\/2024\/03\/image-276x300.jpeg 276w, https:\/\/empresas.mooevo.es\/empresas\/wp-content\/uploads\/2024\/03\/image-943x1024.jpeg 943w, https:\/\/empresas.mooevo.es\/empresas\/wp-content\/uploads\/2024\/03\/image-768x834.jpeg 768w\" sizes=\"auto, (max-width: 1265px) 100vw, 1265px\" \/><\/figure>\n<\/div>\n\n\n<h3 class=\"wp-block-heading\"><a href=\"https:\/\/mooevo.com\/shop\/movilidad-empresas\/patinete-electrico-para-barrenderos\/\">Patinete electrico para barrenderos y limpieza viaria<\/a><\/h3>\n\n\n\n<p>\u00bfQu\u00e9 es la limpieza sostenible? Los productos de limpieza sostenibles son productos de higiene que tienen poco o ning\u00fan impacto duradero en el medio ambiente durante todo su ciclo de vida, desde las materias primas hasta el uso y la eliminaci\u00f3n de sus envases. \u00bfQu\u00e9 es el desarrollo sostenible y 5 ejemplos? Algunos ejemplos de medidas que se pueden tomar para conseguirlo son el uso de pol\u00edticas de agricultura y desarrollo rural sostenibles, el uso de energ\u00edas renovables, la conservaci\u00f3n del agua, el reciclaje, el control de la deforestaci\u00f3n o la movilidad sostenible.<\/p>\n\n\n\n<h3 class=\"wp-block-heading\"><a href=\"https:\/\/mooevo.com\/shop\/movilidad-electrica\/patinete-electrico-para-barrenderos-y-limpieza-viaria\/\">Patinetes el\u00e9ctricos para barrenderos y limpieza viaria<\/a><\/h3>\n\n\n\n<p>\u00bfQu\u00e9 es un servicio sostenible? Un bien o servicio sostenible es un bien o servicio que utiliza recursos naturales, humanos y econ\u00f3micos de manera racional y eficiente a lo largo de su ciclo de vida, creando beneficios ambientales, sociales y econ\u00f3micos. Operarios de toda Espa\u00f1a ya disfrutan de las ventajas de los patinetes el\u00e9ctricos para la limpieza viaria. Adem\u00e1s de incrementar la eficiencia, mejoran la accesibilidad al trabajo de personas con discapacidad y aquellos con desventajas f\u00edsicas, ya que\u2026<\/p>\n\n\n\n<h3 class=\"wp-block-heading\"><a href=\"https:\/\/mooevo.com\/shop\/limpieza-viaria\/patinetes-electricos-para-limpieza-viaria\/\">Ventajas de los patinetes el\u00e9ctricos para la limpieza viaria<\/a><\/h3>\n\n\n\n<p>\u00bfQu\u00e9 son los recursos sostenibles? La sostenibilidad es la capacidad de un sistema para mantener su funcionamiento a largo plazo sin agotar los recursos ni causar da\u00f1os irreparables. En el contexto de los recursos, esto significa utilizarlos de manera responsable y eficiente para garantizar su disponibilidad para las generaciones futuras.<\/p>\n\n\n\n<h3 class=\"wp-block-heading\"><a href=\"https:\/\/mooevo.com\/shop\/limpieza-viaria\/carritos-electricos-para-mantenimiento-urbano-limpieza-y-trabajos-de-barrenderos\/\">Carritos el\u00e9ctricos para mantenimiento urbano, limpieza y trabajos de barrenderos<\/a><\/h3>\n\n\n\n<p>\u00bfQu\u00e9 comprende la limpieza viaria? La limpieza viaria engloba una gran cantidad de tareas con el objetivo de retirar la suciedad y los residuos de las calles, aceras, paseos, plazas, etc., y de los distintos elementos de mobiliario urbano. \u00bfCu\u00e1les son las pr\u00e1cticas sostenibles? Se trata de aquellas pr\u00e1cticas que permiten un crecimiento a nivel econ\u00f3mico y social m\u00e1s responsable o respetuoso con el planeta, pues facilitan que se pueda hacer un uso sostenido de los recursos y cubrir las necesidades actuales del ser humano sin que, por ello, las generaciones futuras se vean perjudicadas.<\/p>\n\n\n\n<h3 class=\"wp-block-heading\"><a href=\"https:\/\/mooevo.com\/shop\/movilidad-electrica\/cubo-de-barrendero-con-ruedas-electrico-para-la-limpieza-viaria\/\">Cubo de barrendero con ruedas el\u00e9ctrico para la limpieza viaria<\/a><\/h3>\n\n\n\n<p>\u00bfCu\u00e1l es la importancia de las ciudades y comunidades sostenibles? Una ciudad sostenible garantiza a sus residentes acceso a educaci\u00f3n de calidad, centros m\u00e9dicos adecuados, f\u00e1cil acceso al transporte p\u00fablico, recolecci\u00f3n de basura, seguridad y buena calidad del aire. Esta es la esencia de tu supervivencia. La renovaci\u00f3n de los espacios p\u00fablicos es fundamental. \u00bfPor qu\u00e9 necesitamos ciudades y comunidades sostenibles? Las ciudades y comunidades sostenibles tienen el potencial de transformar el ritmo actual del cambio clim\u00e1tico, la p\u00e9rdida de biodiversidad y el estr\u00e9s social.<\/p>\n\n\n\n<h3 class=\"wp-block-heading\"><a href=\"https:\/\/mooevo.com\/shop\/limpieza-viaria\/carritos-electricos-de-limpieza\/\">Carritos el\u00e9ctricos de limpieza<\/a><\/h3>\n\n\n\n<p>\u00bfQu\u00e9 hace que un proyecto sea sostenible? Un \u201cproyecto sostenible\u201d es una iniciativa que apunta a lograr prosperidad econ\u00f3mica, integridad ambiental y justicia social. El objetivo es promover y lograr el desarrollo econ\u00f3mico sin poner en peligro ni da\u00f1ar el medio ambiente. el impacto sobre el medio ambiente debe ser m\u00ednimo. De esta manera, los recursos naturales no corren peligro para las generaciones actuales ni futuras.<\/p>\n\n\n\n<h3 class=\"wp-block-heading\"><a href=\"https:\/\/mooevo.com\/shop\/limpieza-viaria\/carros-para-barrenderos\/\">Carros para barrenderos<\/a><\/h3>\n\n\n\n<p>\u00bfPor qu\u00e9 es importante la sostenibilidad en las empresas? La sostenibilidad corporativa es crucial cuando se trata de hacer de una empresa un verdadero agente de cambio. El objetivo es minimizar el impacto negativo de nuestra actividad econ\u00f3mica en la ecolog\u00eda, la demograf\u00eda y las finanzas. \u00bfQu\u00e9 pr\u00e1cticas ambientales existen? Es un conjunto de medidas y actividades que contribuyen a reducir el uso y optimizaci\u00f3n de los recursos naturales y con ello reducir el impacto negativo de las actividades cotidianas sobre el medio ambiente.<\/p>\n\n\n\n<h3 class=\"wp-block-heading\"><a href=\"https:\/\/mooevo.com\/shop\/limpieza-viaria\/triciclo-electrico-limpieza-viaria\/\">Triciclo el\u00e9ctrico limpieza viaria<\/a><\/h3>\n\n\n\n<p>\u00bfCu\u00e1les son los beneficios de una ciudad verde? Una ciudad verde mejora el medio ambiente, garantiza una rica biodiversidad, reduce la contaminaci\u00f3n del aire, garantiza el almacenamiento de agua, amortigua el ruido y ayuda a refrescarse durante los per\u00edodos calurosos. El verde tambi\u00e9n es esencial para un medio ambiente sostenible y resiliente al clima. \u00bfPor qu\u00e9 son importantes las pr\u00e1cticas sustentables? La sostenibilidad ambiental representa una forma de vivir en equilibrio con nuestro entorno y prevenir una deficiencia que pueda poner en peligro a la humanidad, por lo que este tema es necesario para toda persona, organizaci\u00f3n y gobierno del planeta.<\/p>\n","protected":false},"excerpt":{"rendered":"<p>Descubre lo m\u00e1s buscado en movilidad el\u00e9ctrica, desarrollo sostenible y ciudades verdes. S\u00edguenos en el blog de desarrollo sustentable e innovaci\u00f3n de MOOEVO, para estar a la \u00faltima y no perderte nada. Patinete electrico para barrenderos y limpieza viaria \u00bfQu\u00e9 es la limpieza sostenible? Los productos de limpieza sostenibles son productos de higiene que tienen<a class=\"more-link\" href=\"https:\/\/empresas.mooevo.es\/empresas\/movilidad-electrica-desarrollo-sostenible-ciudades-verdes\/\">Ver m\u00e1s  &#10230;<\/a><\/p>\n","protected":false},"author":1,"featured_media":0,"parent":0,"menu_order":0,"comment_status":"closed","ping_status":"closed","template":"","meta":{"footnotes":""},"class_list":["post-2351","page","type-page","status-publish","hentry"],"yoast_head":"<!-- This site is optimized with the Yoast SEO plugin v27.3 - https:\/\/yoast.com\/product\/yoast-seo-wordpress\/ -->\n<title>Movilidad el\u00e9ctrica, desarrollo sostenible y ciudades verdes<\/title>\n<meta name=\"description\" content=\"Descubre m\u00e1s sobre movilidad el\u00e9ctrica, desarrollo sostenible y ciudades verdes. Patinete el\u00e9ctrico barrendero. Innovaci\u00f3n sustentable y...\" \/>\n<meta name=\"robots\" content=\"noindex, follow, max-snippet:-1, max-image-preview:large, max-video-preview:-1\" \/>\n<meta property=\"og:locale\" content=\"es_ES\" \/>\n<meta property=\"og:type\" content=\"article\" \/>\n<meta property=\"og:title\" content=\"Movilidad el\u00e9ctrica, desarrollo sostenible y ciudades verdes\" \/>\n<meta property=\"og:description\" content=\"Descubre m\u00e1s sobre movilidad el\u00e9ctrica, desarrollo sostenible y ciudades verdes. Patinete el\u00e9ctrico barrendero. Innovaci\u00f3n sustentable y...\" \/>\n<meta property=\"og:url\" content=\"https:\/\/empresas.mooevo.es\/empresas\/movilidad-electrica-desarrollo-sostenible-ciudades-verdes\/\" \/>\n<meta property=\"og:site_name\" content=\"MOOEVO EMPRESAS\" \/>\n<meta property=\"og:image\" content=\"http:\/\/empresas.mooevo.es\/empresas\/wp-content\/uploads\/2024\/03\/image.jpeg\" \/>\n<meta name=\"twitter:card\" content=\"summary_large_image\" \/>\n<meta name=\"twitter:label1\" content=\"Tiempo de lectura\" \/>\n\t<meta name=\"twitter:data1\" content=\"4 minutos\" \/>\n<script type=\"application\/ld+json\" class=\"yoast-schema-graph\">{\"@context\":\"https:\\\/\\\/schema.org\",\"@graph\":[{\"@type\":\"WebPage\",\"@id\":\"https:\\\/\\\/empresas.mooevo.es\\\/empresas\\\/movilidad-electrica-desarrollo-sostenible-ciudades-verdes\\\/\",\"url\":\"https:\\\/\\\/empresas.mooevo.es\\\/empresas\\\/movilidad-electrica-desarrollo-sostenible-ciudades-verdes\\\/\",\"name\":\"Movilidad el\u00e9ctrica, desarrollo sostenible y ciudades verdes\",\"isPartOf\":{\"@id\":\"https:\\\/\\\/empresas.mooevo.es\\\/empresas\\\/#website\"},\"primaryImageOfPage\":{\"@id\":\"https:\\\/\\\/empresas.mooevo.es\\\/empresas\\\/movilidad-electrica-desarrollo-sostenible-ciudades-verdes\\\/#primaryimage\"},\"image\":{\"@id\":\"https:\\\/\\\/empresas.mooevo.es\\\/empresas\\\/movilidad-electrica-desarrollo-sostenible-ciudades-verdes\\\/#primaryimage\"},\"thumbnailUrl\":\"http:\\\/\\\/empresas.mooevo.es\\\/empresas\\\/wp-content\\\/uploads\\\/2024\\\/03\\\/image.jpeg\",\"datePublished\":\"2024-03-21T16:03:35+00:00\",\"description\":\"Descubre m\u00e1s sobre movilidad el\u00e9ctrica, desarrollo sostenible y ciudades verdes. Patinete el\u00e9ctrico barrendero. Innovaci\u00f3n sustentable y...\",\"breadcrumb\":{\"@id\":\"https:\\\/\\\/empresas.mooevo.es\\\/empresas\\\/movilidad-electrica-desarrollo-sostenible-ciudades-verdes\\\/#breadcrumb\"},\"inLanguage\":\"es\",\"potentialAction\":[{\"@type\":\"ReadAction\",\"target\":[\"https:\\\/\\\/empresas.mooevo.es\\\/empresas\\\/movilidad-electrica-desarrollo-sostenible-ciudades-verdes\\\/\"]}]},{\"@type\":\"ImageObject\",\"inLanguage\":\"es\",\"@id\":\"https:\\\/\\\/empresas.mooevo.es\\\/empresas\\\/movilidad-electrica-desarrollo-sostenible-ciudades-verdes\\\/#primaryimage\",\"url\":\"https:\\\/\\\/empresas.mooevo.es\\\/empresas\\\/wp-content\\\/uploads\\\/2024\\\/03\\\/image.jpeg\",\"contentUrl\":\"https:\\\/\\\/empresas.mooevo.es\\\/empresas\\\/wp-content\\\/uploads\\\/2024\\\/03\\\/image.jpeg\",\"width\":1265,\"height\":1374,\"caption\":\"Empresa de limpieza en campins\"},{\"@type\":\"BreadcrumbList\",\"@id\":\"https:\\\/\\\/empresas.mooevo.es\\\/empresas\\\/movilidad-electrica-desarrollo-sostenible-ciudades-verdes\\\/#breadcrumb\",\"itemListElement\":[{\"@type\":\"ListItem\",\"position\":1,\"name\":\"Portada\",\"item\":\"https:\\\/\\\/empresas.mooevo.es\\\/empresas\\\/\"},{\"@type\":\"ListItem\",\"position\":2,\"name\":\"Movilidad el\u00e9ctrica, desarrollo sostenible y ciudades verdes\"}]},{\"@type\":\"WebSite\",\"@id\":\"https:\\\/\\\/empresas.mooevo.es\\\/empresas\\\/#website\",\"url\":\"https:\\\/\\\/empresas.mooevo.es\\\/empresas\\\/\",\"name\":\"MOOEVO EMPRESAS\",\"description\":\"Inspiring e-motions\",\"publisher\":{\"@id\":\"https:\\\/\\\/empresas.mooevo.es\\\/empresas\\\/#organization\"},\"potentialAction\":[{\"@type\":\"SearchAction\",\"target\":{\"@type\":\"EntryPoint\",\"urlTemplate\":\"https:\\\/\\\/empresas.mooevo.es\\\/empresas\\\/?s={search_term_string}\"},\"query-input\":{\"@type\":\"PropertyValueSpecification\",\"valueRequired\":true,\"valueName\":\"search_term_string\"}}],\"inLanguage\":\"es\"},{\"@type\":\"Organization\",\"@id\":\"https:\\\/\\\/empresas.mooevo.es\\\/empresas\\\/#organization\",\"name\":\"MOOEVO EMPRESAS\",\"url\":\"https:\\\/\\\/empresas.mooevo.es\\\/empresas\\\/\",\"logo\":{\"@type\":\"ImageObject\",\"inLanguage\":\"es\",\"@id\":\"https:\\\/\\\/empresas.mooevo.es\\\/empresas\\\/#\\\/schema\\\/logo\\\/image\\\/\",\"url\":\"https:\\\/\\\/empresas.mooevo.es\\\/empresas\\\/wp-content\\\/uploads\\\/2025\\\/02\\\/cropped-LOGO-GRANDE-PNG.png\",\"contentUrl\":\"https:\\\/\\\/empresas.mooevo.es\\\/empresas\\\/wp-content\\\/uploads\\\/2025\\\/02\\\/cropped-LOGO-GRANDE-PNG.png\",\"width\":851,\"height\":158,\"caption\":\"MOOEVO EMPRESAS\"},\"image\":{\"@id\":\"https:\\\/\\\/empresas.mooevo.es\\\/empresas\\\/#\\\/schema\\\/logo\\\/image\\\/\"}}]}<\/script>\n<!-- \/ Yoast SEO plugin. -->","yoast_head_json":{"title":"Movilidad el\u00e9ctrica, desarrollo sostenible y ciudades verdes","description":"Descubre m\u00e1s sobre movilidad el\u00e9ctrica, desarrollo sostenible y ciudades verdes. Patinete el\u00e9ctrico barrendero. Innovaci\u00f3n sustentable y...","robots":{"index":"noindex","follow":"follow","max-snippet":"max-snippet:-1","max-image-preview":"max-image-preview:large","max-video-preview":"max-video-preview:-1"},"og_locale":"es_ES","og_type":"article","og_title":"Movilidad el\u00e9ctrica, desarrollo sostenible y ciudades verdes","og_description":"Descubre m\u00e1s sobre movilidad el\u00e9ctrica, desarrollo sostenible y ciudades verdes. Patinete el\u00e9ctrico barrendero. Innovaci\u00f3n sustentable y...","og_url":"https:\/\/empresas.mooevo.es\/empresas\/movilidad-electrica-desarrollo-sostenible-ciudades-verdes\/","og_site_name":"MOOEVO EMPRESAS","og_image":[{"url":"http:\/\/empresas.mooevo.es\/empresas\/wp-content\/uploads\/2024\/03\/image.jpeg","type":"","width":"","height":""}],"twitter_card":"summary_large_image","twitter_misc":{"Tiempo de lectura":"4 minutos"},"schema":{"@context":"https:\/\/schema.org","@graph":[{"@type":"WebPage","@id":"https:\/\/empresas.mooevo.es\/empresas\/movilidad-electrica-desarrollo-sostenible-ciudades-verdes\/","url":"https:\/\/empresas.mooevo.es\/empresas\/movilidad-electrica-desarrollo-sostenible-ciudades-verdes\/","name":"Movilidad el\u00e9ctrica, desarrollo sostenible y ciudades verdes","isPartOf":{"@id":"https:\/\/empresas.mooevo.es\/empresas\/#website"},"primaryImageOfPage":{"@id":"https:\/\/empresas.mooevo.es\/empresas\/movilidad-electrica-desarrollo-sostenible-ciudades-verdes\/#primaryimage"},"image":{"@id":"https:\/\/empresas.mooevo.es\/empresas\/movilidad-electrica-desarrollo-sostenible-ciudades-verdes\/#primaryimage"},"thumbnailUrl":"http:\/\/empresas.mooevo.es\/empresas\/wp-content\/uploads\/2024\/03\/image.jpeg","datePublished":"2024-03-21T16:03:35+00:00","description":"Descubre m\u00e1s sobre movilidad el\u00e9ctrica, desarrollo sostenible y ciudades verdes. Patinete el\u00e9ctrico barrendero. Innovaci\u00f3n sustentable y...","breadcrumb":{"@id":"https:\/\/empresas.mooevo.es\/empresas\/movilidad-electrica-desarrollo-sostenible-ciudades-verdes\/#breadcrumb"},"inLanguage":"es","potentialAction":[{"@type":"ReadAction","target":["https:\/\/empresas.mooevo.es\/empresas\/movilidad-electrica-desarrollo-sostenible-ciudades-verdes\/"]}]},{"@type":"ImageObject","inLanguage":"es","@id":"https:\/\/empresas.mooevo.es\/empresas\/movilidad-electrica-desarrollo-sostenible-ciudades-verdes\/#primaryimage","url":"https:\/\/empresas.mooevo.es\/empresas\/wp-content\/uploads\/2024\/03\/image.jpeg","contentUrl":"https:\/\/empresas.mooevo.es\/empresas\/wp-content\/uploads\/2024\/03\/image.jpeg","width":1265,"height":1374,"caption":"Empresa de limpieza en campins"},{"@type":"BreadcrumbList","@id":"https:\/\/empresas.mooevo.es\/empresas\/movilidad-electrica-desarrollo-sostenible-ciudades-verdes\/#breadcrumb","itemListElement":[{"@type":"ListItem","position":1,"name":"Portada","item":"https:\/\/empresas.mooevo.es\/empresas\/"},{"@type":"ListItem","position":2,"name":"Movilidad el\u00e9ctrica, desarrollo sostenible y ciudades verdes"}]},{"@type":"WebSite","@id":"https:\/\/empresas.mooevo.es\/empresas\/#website","url":"https:\/\/empresas.mooevo.es\/empresas\/","name":"MOOEVO EMPRESAS","description":"Inspiring e-motions","publisher":{"@id":"https:\/\/empresas.mooevo.es\/empresas\/#organization"},"potentialAction":[{"@type":"SearchAction","target":{"@type":"EntryPoint","urlTemplate":"https:\/\/empresas.mooevo.es\/empresas\/?s={search_term_string}"},"query-input":{"@type":"PropertyValueSpecification","valueRequired":true,"valueName":"search_term_string"}}],"inLanguage":"es"},{"@type":"Organization","@id":"https:\/\/empresas.mooevo.es\/empresas\/#organization","name":"MOOEVO EMPRESAS","url":"https:\/\/empresas.mooevo.es\/empresas\/","logo":{"@type":"ImageObject","inLanguage":"es","@id":"https:\/\/empresas.mooevo.es\/empresas\/#\/schema\/logo\/image\/","url":"https:\/\/empresas.mooevo.es\/empresas\/wp-content\/uploads\/2025\/02\/cropped-LOGO-GRANDE-PNG.png","contentUrl":"https:\/\/empresas.mooevo.es\/empresas\/wp-content\/uploads\/2025\/02\/cropped-LOGO-GRANDE-PNG.png","width":851,"height":158,"caption":"MOOEVO EMPRESAS"},"image":{"@id":"https:\/\/empresas.mooevo.es\/empresas\/#\/schema\/logo\/image\/"}}]}},"_links":{"self":[{"href":"https:\/\/empresas.mooevo.es\/empresas\/wp-json\/wp\/v2\/pages\/2351","targetHints":{"allow":["GET"]}}],"collection":[{"href":"https:\/\/empresas.mooevo.es\/empresas\/wp-json\/wp\/v2\/pages"}],"about":[{"href":"https:\/\/empresas.mooevo.es\/empresas\/wp-json\/wp\/v2\/types\/page"}],"author":[{"embeddable":true,"href":"https:\/\/empresas.mooevo.es\/empresas\/wp-json\/wp\/v2\/users\/1"}],"replies":[{"embeddable":true,"href":"https:\/\/empresas.mooevo.es\/empresas\/wp-json\/wp\/v2\/comments?post=2351"}],"version-history":[{"count":0,"href":"https:\/\/empresas.mooevo.es\/empresas\/wp-json\/wp\/v2\/pages\/2351\/revisions"}],"wp:attachment":[{"href":"https:\/\/empresas.mooevo.es\/empresas\/wp-json\/wp\/v2\/media?parent=2351"}],"curies":[{"name":"wp","href":"https:\/\/api.w.org\/{rel}","templated":true}]}}